{"id":510,"date":"2018-07-30T15:14:50","date_gmt":"2018-07-30T13:14:50","guid":{"rendered":"http:\/\/demo.duadv.net\/saio\/termini-e-condizioni\/"},"modified":"2018-09-10T15:29:38","modified_gmt":"2018-09-10T13:29:38","slug":"terms-and-conditions","status":"publish","type":"page","link":"https:\/\/www.saioassisi.it\/en\/terms-and-conditions\/","title":{"rendered":"Terms and conditions"},"content":{"rendered":"<div class=\"wpb-content-wrapper\"><p>[vc_row][vc_column][vc_column_text]<\/p>\n<h4><strong>CONDIZIONI GENERALI DI VENDITA<\/strong><\/h4>\n<p>Le informazioni destinate ai clienti e le presenti Condizioni Generali di Contratto si applicano a tutti gli ordini trasmessi attraverso il sito web\u00a0<a href=\"http:\/\/www.saioassisi.it\/\">www.saioassisi.it<\/a>\u00a0L\u2019invio di un ordine implica l\u2019accettazione delle presenti condizioni generali di contratto. Le presenti condizioni di vendita possono essere modificate in qualsiasi momento, dal gestore del presente sito web, a propria discrezione, senza necessit\u00e0 di fornire alcun preavviso agli utenti del sito. Eventuali modifiche apportate saranno efficaci dalla data di pubblicazione sul sito e si applicheranno unicamente alle vendite concluse a partire da tale data.<\/p>\n<h4>PARTI DEL CONTRATTO DI COMPRAVENDITA.<\/h4>\n<p>Il sito web destinato alla produzione e vendita di articoli via internet \u00e8 gestito dalla ditta\u00a0<b>Societ\u00e0 agricola SAIO Famiglia Mencarelli<\/b>\u00a0con Sede Legale in Via della Passerella 9 &#8211; 06081 &#8211; Assisi e sede operativa in Via della Passerella 9 &#8211; 06081 &#8211; Assisi &#8211; P.Iva 03175970544. Gli acquisti dei prodotti eseguiti attraverso il sito vedranno come parti la ditta\u00a0<b>Societ\u00e0 agricola SAIO Famiglia Mencarelli<\/b>\u00a0quale venditore e il soggetto che procede all\u2019acquisto di uno o pi\u00f9 prodotti per scopi riferibili alla propria attivit\u00e0 commerciale, artigianale o professionale, quale acquirente. Venditore e Consumatore saranno di seguito collettivamente indicati come le \u201cparti\u201d.<br \/>\nQualsivoglia comunicazione del consumatore connessa e\/o correlata all\u2019acquisto dei prodotti, ivi incluse eventuali segnalazioni, reclami, richieste concernenti l\u2019acquisto e\/o la consegna dei prodotti, dovr\u00e0 essere inviato al venditore ai recapiti e secondo le modalit\u00e0 indicate sul sito e all\u2019indirizzo e-mail:\u00a0<a href=\"mailto:info@saioassisi.it\">info@saioassisi.it<\/a>. Il contratto di vendita concluso tra il venditore e l\u2019acquirente sar\u00e0 regolato dalla legge italiana. Contestualmente alla trasmissione dell\u2019ordine di acquisto il consumatore accetta che la conferma delle informazioni relative all\u2019ordine effettuato e le presenti condizioni generali di vendita gli siano inviate via e-mail all\u2019indirizzo dallo stesso dichiarato durante la registrazione al sito ovvero durante il processo di acquisto. Per poter effettuare acquisti tramite il sito, il consumatore deve iscriversi. Sono ad esclusivo carico del consumatore le eventuali spese per la connessione via internet al sito, ivi incluse quelle telefoniche, secondo le tariffe applicate dall\u2019operatore selezionato dal consumatore stesso.<\/p>\n<h4>CARATTERISTICHE DEI PRODOTTI.<\/h4>\n<p>I prodotti sono venduti con le caratteristiche descritte sul sito e secondo le condizioni generali di vendita pubblicate sul sito al momento dell\u2019invio dell\u2019ordine da parte del consumatore, con l\u2019esclusione di ogni altra condizione o termine. I prezzi, i prodotti in vendita sul sito e\/o le caratteristiche degli stessi sono soggetti a variazioni senza preavviso, prima di inviare l\u2019ordine di acquisto il consumatore \u00e8 invitato a verificare il prezzo finale di vendita.<\/p>\n<h4>CONCLUSIONE DEL CONTRATTO DI COMPRAVENDITA.<\/h4>\n<p>L\u2019ordine di acquisto trasmesso mediante il sito ha valore di proposta contrattuale ed \u00e8 regolato dalla presenti condizioni generali di vendita, che costituiscono parte integrante dell\u2019ordine stesso e che il consumatore, mediante la trasmissione dell\u2019ordine al venditore, \u00e8 tenuto ad accettare integralmente e senza riserva alcuna.<\/p>\n<h4>PROCEDURA DI SELEZIONE E ACQUISTO DEI PRODOTTI.<\/h4>\n<p>I prodotti presentati sul sito potranno essere acquistati mediante la selezione dei prodotti d\u2019interesse e il loro inserimento nell\u2019apposito carrello virtuale di acquisto. Terminata la selezione dei prodotti, per eseguire l\u2019acquisto di quelli inseriti nel carrello, il consumatore sar\u00e0 invitato a fornire i propri dati al fine di completare l\u2019ordine e consentire il perfezionamento del contratto. L\u2019acquirente visualizzer\u00e0 un riepilogo dell\u2019ordine da eseguire, di cui potr\u00e0 modificare i contenuti: quindi l acquirente, previa attenta lettura, dovr\u00e0 approvare espressamente le presenti condizioni generali di vendita, attraverso l\u2019apposito segno di spunta (check-box) presente sul sito ed infine, attraverso il tasto completa ordine sar\u00e0 richiesto all&#8217;acquirente di confermare il suo ordine, che sar\u00e0 cos\u00ec definitivamente inviato al venditore e produrr\u00e0 gli effetti di cui al precedente art. 3 del presente contratto. All&#8217;acquirente sar\u00e0 altres\u00ec chiesto di scegliere la modalit\u00e0 di spedizione e il metodo di pagamento fra quelli disponibili.<\/p>\n<h4>CONSEGNA DELLA MERCE ED ACCETTAZIONE.<\/h4>\n<p>Il sito indica la disponibilit\u00e0 dei prodotti e i tempi di consegna degli stessi, tuttavia tali informazioni sono da considerarsi puramente indicative e non vincolanti per il venditore. Il venditore si impegna a fare quanto nelle proprie facolt\u00e0 al fine di rispettare i tempi di consegna indicati sul sito e, in ogni caso, ad eseguire la consegna in un tempo massimo di () giorni a decorrere dal giorno successivo a quello in cui l\u2019acquirente ha trasmesso l\u2019ordine, eccetto comunicazioni in merito. In caso di mancata esecuzione dell\u2019ordine da parte del venditore, dovuta alla indisponibilit\u00e0, anche temporanea, del prodotto, il venditore provveder\u00e0 al rimborso delle somme eventualmente gi\u00e0 corrisposte dallacquirente per il pagamento del prodotto. La spedizione dei prodotti ordinati dall\u2019acquirente avverr\u00e0 nella modalit\u00e0 selezionata dal acquirente fra quelle disponibili ed indicate sul sito al momento dell\u2019invio dell\u2019ordine. L\u2019acquirente si impegna a controllare tempestivamente e nel pi\u00f9 breve periodo possibile che la consegna comprenda tutti e solo i prodotti acquistati e ad informare tempestivamente il venditore di qualsiasi eventuale difetto dei prodotti ricevuti o di loro difformit\u00e0 rispetto all\u2019ordine effettuato, secondo la procedura di cui al successivo art. 10 delle presenti condizioni generali di vendita. In mancanza i prodotti si intenderanno accettati. Qualora la confezione o l\u2019involucro dei prodotti ordinati dall&#8217;acquirente dovessero giungere a destinazione palesemente danneggiati, l&#8217;acquirente dovr\u00e0 rifiutare la consegna da parte del vettore\/spedizioniere o ad accettarne la consegna \u201ccon riserva\u201d.<\/p>\n<h4>PREZZI, COSTI DI SPEDIZIONE, IMPOSTE E TASSE.<\/h4>\n<p>Il prezzo dei prodotti \u00e8 quello indicato sul sito contestualmente all\u2019invio dell\u2019ordine da parte del acquirente. I prezzi sono comprensivi dei costi di imballaggio standard, Iva e di eventuali imposte indirette (qualora applicabili), mentre non ricomprendono le spese di spedizione che sono calcolate prima della conferma dell\u2019ordine trasmessa dal venditore all&#8217;acquirente e che lo stesso acquirente si impegna a versare al venditore in aggiunta al prezzo indicato sul sito.<br \/>\nQualora i prodotti debbano esser consegnati in un paese non appartenente all\u2019Unione Europea, il prezzo totale indicato nell\u2019ordine e ribadito nella conferma dell\u2019ordine, comprensivo di imposte indirette (qualora applicabile) \u00e8 al netto di eventuali dazi doganali e di qualsiasi altra imposta sulle vendite che il acquirente si impegna sin d\u2019ora a versare, se dovute, in aggiunta al prezzo indicato nell\u2019ordine e confermato nella conferma d\u2019ordine, secondo quanto previsto dalle disposizioni di legge del Paese in cui i prodotti saranno consegnati. Sono ad esclusivo carico del acquirente, qualsivoglia eventuale ulteriore costo, onere, tassa e\/o imposta che un dato Paese dovesse applicare, a qualsivoglia titolo, ai prodotti ordinati in base alle presenti condizioni generali di vendita. L&#8217;acquirente dichiara che la mancata conoscenza dei costi, oneri, dazi, tasse e\/o imposte di cui ai precedenti punti al momento dell\u2019invio di un ordine al venditore, non potr\u00e0 costituire causa di risoluzione del presente contratto e che non potr\u00e0 in alcun modo addebitare i suddetti oneri al venditore.<\/p>\n<h4>I PAGAMENTI.<\/h4>\n<p>L&#8217;acquirente accetta espressamente che l\u2019esecuzione del contratto da parte del venditore avr\u00e0 inizio al momento dell\u2019accredito del prezzo del\/i prodotto\/i acquistato\/i sul conto corrente del venditore stesso. Il pagamento potr\u00e0 essere eseguito con carta di credito tramite PayPal, o bonifico bancario. Il venditore potr\u00e0 consentire ulteriori metodi di pagamento, indicandoli nella sezione pagamenti del sito. Qualora il pagamento sia eseguito tramite carta di credito, l acquirente sar\u00e0 trasferito su un sito protetto di Paypal. I dati trasmessi saranno inviati in modalit\u00e0 protetta e non sono accessibili nemmeno per il venditore. Qualora il pagamento sia eseguito tramite bonifico bancario a favore del venditore, l&#8217;acquirente dovr\u00e0 indicare i codici \u201cSwift\u201d e \u201cIBAN\u201d riportati nella conferma dell\u2019ordine, nonch\u00e9 il numero d\u2019ordine. Il venditore trasmetter\u00e0 tempestivamente all&#8217;acquirente, qualora previsto dalla legge applicabile, la ricevuta fiscale relativa all\u2019acquisto eseguito allegata in formato cartaceo ai prodotti acquistati.<\/p>\n<h4>GARANZIA DI CONFORMIT\u00c0 DEL VENDITORE.<\/h4>\n<p>Il venditore garantisce all\u2019acquirente che i tutti prodotti saranno privi di difetti di progettazione e di materiale (non fallati) nonch\u00e9 conformi alle descrizioni pubblicate sul sito. E\u2019 esclusa l\u2019applicazione di qualsiasi garanzia in caso di utilizzo non conforme a quello proprio del prodotto e alle istruzioni\/avvertenze in merito fornite dal venditore, ovvero riportate nella documentazione illustrativa di riferimento, nei cartellini o nelle etichette. A pena di decadenza dalla presente garanzia, l acquirente ha l\u2019onere di denunciare eventuali difetti e non conformit\u00e0 entro e non oltre 2 (due) mesi dalla scoperta ma comunque non oltre 6 mesi dall\u2019acquisto, trasmettendo al servizio clienti al seguente indirizzo e-mail:\u00a0<a href=\"mailto:info@saioassisi.it\">info@saioassisi.it<\/a>, l\u2019apposito modulo correttamente compilato con l\u2019indicazione del difetto e\/o della non conformit\u00e0 riscontrati, nonch\u00e9 la relativa documentazione indicata nel modulo di reso medesimo.<br \/>\nA seguito del ricevimento del modulo e della relativa documentazione il venditore valuter\u00e0 i difetti e le non conformit\u00e0 denunciati dall\u2019acquirente tramite il servizio di assistenza e, dopo aver effettuato i relativi controlli, decider\u00e0 se autorizzare la restituzione dei prodotti fornendo all\u2019acquirente un riscontro, contenente il \u201ccodice di reso\u201d, via posta elettronica all\u2019indirizzo fornito da quest\u2019ultimo nel corso del processo di registrazione al sito o in fase di trasmissione dell\u2019ordine.<br \/>\nL\u2019autorizzazione a restituire i prodotti non costituir\u00e0 in alcun modo riconoscimento di difetti o non conformit\u00e0, la cui esistenza dovr\u00e0 essere accertata successivamente alla restituzione. I prodotti (fallati) di cui il venditore abbia autorizzato la restituzione dovranno essere resi all\u2019acquirente, unitamente a copia della comunicazione di autorizzazione alla restituzione recante il \u201ccodice di reso\u201d entro 30 (trenta) giorni dalla denuncia del difetto o della non conformit\u00e0. Qualora il venditore sia tenuto a rimborsare l\u2019acquirente il prezzo pagato, il rimborso verr\u00e0 effettuato o mediante il medesimo mezzo di pagamento utilizzato dal acquirente all\u2019atto di acquisto del prodotto o mediante bonifico bancario. Sar\u00e0 onere dell\u2019acquirente comunicare al venditore, sempre via e-mail all\u2019indirizzo\u00a0<a href=\"mailto:info@saioassisi.it\">info@saioassisi.it<\/a>, gli estremi bancari per effettuare il bonifico a suo favore e per fa s\u00ec che il venditore sia messo nella condizione di poter restituire la somma dovuta.<\/p>\n<h4>RESPONSABILIT\u00c0 PER DANNO DA PRODOTTI DIFETTOSI.<\/h4>\n<p>Per quanto riguarda eventuali danni provocati da difetti dei prodotti, il venditore, nella qualit\u00e0 di distributore dei prodotti tramite il sito, si libera da qualsivoglia responsabilit\u00e0, nessuna esclusa e\/o eccettuata, indicando il nome del relativo produttore del prodotto.<\/p>\n<h4>DIRITTO DI RECESSO.<\/h4>\n<p>Il cambio merce pu\u00f2 essere effettuato con qualsiasi articolo di costo uguale a quello acquistato.<br \/>\nIl termine per poter richiedere il diritto di recesso o il cambio merce \u00e8 di giorni lavorativi dalla data di ricezione del prodotto. Il servizio di assistenza provveder\u00e0 massimo entro 30 giorni solari o al rimborso in caso di recesso o alla spedizione del nuovo prodotto in sostituzione in caso di cambio merce. E\u2019 necessario che il pacco, ricevuto dal servizio assistenza, con la merce restituita sia completamente integro nella confezione originale e che lo scontrino fiscale d\u2019acquisto sia inserito all\u2019interno della scatola stessa. Si raccomanda di inserire all\u2019interno del pacco\/confezione un foglio con l\u2019indicazione di tutti i dati necessari al rimborso o al cambio merce compresi i dati identificativi e di contatto. In ogni caso, la spedizione per la restituzione dei prodotti e sempre a carico del cliente. L\u2019eventuale spedizione del nuovo prodotto in caso di cambio \u00e8 sempre a carico dell\u2019azienda.<\/p>\n<h4>DATI DELL\u2019 ACQUIRENTE E TUTELA DELLA PRIVACY.<\/h4>\n<p>Per poter procedere all\u2019inoltro dell\u2019ordine e quindi alla conclusione del presente contratto sono richiesti attraverso il sito alcuni dati personali all\u2019acquirente. L\u2019acquirente prende atto che i dati personali forniti saranno registrati e utilizzati dal venditore \u2013 in conformit\u00e0 e nel rispetto della normativa di cui alla legge italiana D. Lgs n. 196\/2003 e successive modifiche in materia di privacy \u2013 per dare esecuzione a ciascun acquisto eseguito tramite il sito e, previo suo consenso, per le eventuali ulteriori attivit\u00e0 cos\u00ec come indicate nella apposita informativa sulla privacy fornita all\u2019acquirente attraverso il sito al momento dell\u2019ordine. L\u2019acquirente dichiara e garantisce che i dati forniti al venditore durante il processo di acquisto sono corretti e veritieri. Per qualsivoglia ulteriore informazione sulle modalit\u00e0 di trattamento dei dati personali dell\u2019acquirente, \u00e8 possibile accedere alla sezione Policy privacy o privacy (tutela della privacy) del sito.<\/p>\n<h4>SICUREZZA.<\/h4>\n<p>Sebbene il venditore adotti misure volte a proteggere i dati personali contro la loro eventuale perdita, falsificazione, manipolazione e utilizzo improprio da parte di terzi, a motivo delle caratteristiche e delle limitazioni tecniche relative alla protezione delle comunicazioni elettroniche via internet, il venditore non pu\u00f2 garantire che le informazioni o i dati visualizzati dal acquirente sul sito non siano accessibili o visionabili da terze parti non autorizzate. Il venditore, in merito ai dati relativi ai pagamenti con carta di credito si avvale dei servizi della societ\u00e0 Paypal la quale adotta sistemi tecnologici atti a garantire i massimi livelli di affidabilit\u00e0, sicurezza, protezione e riservatezza nella trasmissione di informazioni via web.<\/p>\n<h4>LEGGE APPLICABILE E FORO COMPETENTE E CLAUSOLA COMPROMISSORIA.<\/h4>\n<p>Ogni contratto di vendita concluso ai sensi delle presenti condizioni generali di vendita sar\u00e0 disciplinato ed interpretato in conformit\u00e0 alle leggi italiane. In ogni caso, saranno fatti salvi i diritti eventualmente attribuiti ai consumatori da disposizioni inderogabili di legge vigenti nello Stato di questi ultimi. Per qualsiasi controversia sar\u00e0 esclusivamente competente il Tribunale di , salvo il caso in cui tale previsione non trovi applicazione a causa di norme di legge inderogabili vigenti nel paese di residenza del acquirente.[\/vc_column_text][\/vc_column][\/vc_row]<\/p>\n<\/div>","protected":false},"excerpt":{"rendered":"<p>[vc_row][vc_column][vc_column_text] CONDIZIONI GENERALI DI VENDITA Le informazioni destinate ai clienti e le presenti Condizioni Generali di Contratto si applicano a tutti gli ordini trasmessi attraverso il<span class=\"excerpt-hellip\"> [\u2026]<\/span><\/p>\n","protected":false},"author":1,"featured_media":0,"parent":0,"menu_order":10,"comment_status":"closed","ping_status":"closed","template":"","meta":{"footnotes":""},"class_list":["post-510","page","type-page","status-publish","hentry"],"_links":{"self":[{"href":"https:\/\/www.saioassisi.it\/en\/wp-json\/wp\/v2\/pages\/510","targetHints":{"allow":["GET"]}}],"collection":[{"href":"https:\/\/www.saioassisi.it\/en\/wp-json\/wp\/v2\/pages"}],"about":[{"href":"https:\/\/www.saioassisi.it\/en\/wp-json\/wp\/v2\/types\/page"}],"author":[{"embeddable":true,"href":"https:\/\/www.saioassisi.it\/en\/wp-json\/wp\/v2\/users\/1"}],"replies":[{"embeddable":true,"href":"https:\/\/www.saioassisi.it\/en\/wp-json\/wp\/v2\/comments?post=510"}],"version-history":[{"count":3,"href":"https:\/\/www.saioassisi.it\/en\/wp-json\/wp\/v2\/pages\/510\/revisions"}],"predecessor-version":[{"id":527,"href":"https:\/\/www.saioassisi.it\/en\/wp-json\/wp\/v2\/pages\/510\/revisions\/527"}],"wp:attachment":[{"href":"https:\/\/www.saioassisi.it\/en\/wp-json\/wp\/v2\/media?parent=510"}],"curies":[{"name":"wp","href":"https:\/\/api.w.org\/{rel}","templated":true}]}}